{"id":1189,"date":"2024-02-15T14:46:07","date_gmt":"2024-02-15T18:46:07","guid":{"rendered":"https:\/\/tulibreando.com\/?post_type=product&#038;p=1189"},"modified":"2024-06-06T15:16:48","modified_gmt":"2024-06-06T19:16:48","slug":"el-chico-de-buchenwald","status":"publish","type":"product","link":"https:\/\/tulibreando.com\/index.php\/product\/el-chico-de-buchenwald\/","title":{"rendered":"el chico de buchenwald"},"content":{"rendered":"<p>Al salir de Buchenbald, Romek volvi\u00f3 a la vida: hab\u00eda pasado parte de su infancia en uno de los campos de concentraci\u00f3n nazis m\u00e1s crueles y aprendi\u00f3 demasiado pronto qu\u00e9 significa sufrir. Hab\u00eda conocido la maldad humana en estado puro.<\/p>\n","protected":false},"excerpt":{"rendered":"<p>Al salir de Buchenbald, Romek volvi\u00f3 a la vida: hab\u00eda pasado parte de su infancia en uno de los campos de concentraci\u00f3n nazis m\u00e1s crueles y aprendi\u00f3 demasiado pronto qu\u00e9 significa sufrir. Hab\u00eda conocido la maldad humana en estado puro.<\/p>\n","protected":false},"featured_media":1066,"comment_status":"open","ping_status":"closed","template":"","meta":{"_acf_changed":false,"product_autor":""},"product_cat":[45],"product_tag":[],"class_list":{"0":"post-1189","1":"product","2":"type-product","3":"status-publish","4":"has-post-thumbnail","6":"product_cat-literatura-y-novelas","8":"first","9":"instock","10":"virtual","11":"purchasable","12":"product-type-simple"},"acf":[],"_links":{"self":[{"href":"https:\/\/tulibreando.com\/index.php\/wp-json\/wp\/v2\/product\/1189"}],"collection":[{"href":"https:\/\/tulibreando.com\/index.php\/wp-json\/wp\/v2\/product"}],"about":[{"href":"https:\/\/tulibreando.com\/index.php\/wp-json\/wp\/v2\/types\/product"}],"replies":[{"embeddable":true,"href":"https:\/\/tulibreando.com\/index.php\/wp-json\/wp\/v2\/comments?post=1189"}],"wp:featuredmedia":[{"embeddable":true,"href":"https:\/\/tulibreando.com\/index.php\/wp-json\/wp\/v2\/media\/1066"}],"wp:attachment":[{"href":"https:\/\/tulibreando.com\/index.php\/wp-json\/wp\/v2\/media?parent=1189"}],"wp:term":[{"taxonomy":"product_cat","embeddable":true,"href":"https:\/\/tulibreando.com\/index.php\/wp-json\/wp\/v2\/product_cat?post=1189"},{"taxonomy":"product_tag","embeddable":true,"href":"https:\/\/tulibreando.com\/index.php\/wp-json\/wp\/v2\/product_tag?post=1189"}],"curies":[{"name":"wp","href":"https:\/\/api.w.org\/{rel}","templated":true}]}}