{"id":1187,"date":"2024-02-15T14:46:07","date_gmt":"2024-02-15T18:46:07","guid":{"rendered":"https:\/\/tulibreando.com\/?post_type=product&#038;p=1187"},"modified":"2024-06-06T15:16:48","modified_gmt":"2024-06-06T19:16:48","slug":"respira-aqui-y-ahora","status":"publish","type":"product","link":"https:\/\/tulibreando.com\/index.php\/product\/respira-aqui-y-ahora\/","title":{"rendered":"respira, aqu\u00ed y ahora"},"content":{"rendered":"<p>Est\u00e1 comprobado que disminuir la frecuencia respiratoria propicia el estado de reposo del sistema nervioso parasimp\u00e1tico y que la respiraci\u00f3n puede ayudarte a dormir mejor o llenarte de energ\u00eda cuando la necesites. A cada estado de \u00e1nimo le corresponde un patr\u00f3n de respiraci\u00f3n.<\/p>\n","protected":false},"excerpt":{"rendered":"<p>Est\u00e1 comprobado que disminuir la frecuencia respiratoria propicia el estado de reposo del sistema nervioso parasimp\u00e1tico y que la respiraci\u00f3n puede ayudarte a dormir mejor o llenarte de energ\u00eda cuando la necesites. A cada estado de \u00e1nimo le corresponde un patr\u00f3n de respiraci\u00f3n.<\/p>\n","protected":false},"featured_media":1120,"comment_status":"open","ping_status":"closed","template":"","meta":{"_acf_changed":false,"product_autor":""},"product_cat":[36,38],"product_tag":[],"class_list":{"0":"post-1187","1":"product","2":"type-product","3":"status-publish","4":"has-post-thumbnail","6":"product_cat-libros","7":"product_cat-salud","9":"first","10":"instock","11":"virtual","12":"purchasable","13":"product-type-simple"},"acf":[],"_links":{"self":[{"href":"https:\/\/tulibreando.com\/index.php\/wp-json\/wp\/v2\/product\/1187"}],"collection":[{"href":"https:\/\/tulibreando.com\/index.php\/wp-json\/wp\/v2\/product"}],"about":[{"href":"https:\/\/tulibreando.com\/index.php\/wp-json\/wp\/v2\/types\/product"}],"replies":[{"embeddable":true,"href":"https:\/\/tulibreando.com\/index.php\/wp-json\/wp\/v2\/comments?post=1187"}],"wp:featuredmedia":[{"embeddable":true,"href":"https:\/\/tulibreando.com\/index.php\/wp-json\/wp\/v2\/media\/1120"}],"wp:attachment":[{"href":"https:\/\/tulibreando.com\/index.php\/wp-json\/wp\/v2\/media?parent=1187"}],"wp:term":[{"taxonomy":"product_cat","embeddable":true,"href":"https:\/\/tulibreando.com\/index.php\/wp-json\/wp\/v2\/product_cat?post=1187"},{"taxonomy":"product_tag","embeddable":true,"href":"https:\/\/tulibreando.com\/index.php\/wp-json\/wp\/v2\/product_tag?post=1187"}],"curies":[{"name":"wp","href":"https:\/\/api.w.org\/{rel}","templated":true}]}}