{"id":1184,"date":"2024-02-15T14:46:06","date_gmt":"2024-02-15T18:46:06","guid":{"rendered":"https:\/\/tulibreando.com\/?post_type=product&#038;p=1184"},"modified":"2024-06-06T15:16:47","modified_gmt":"2024-06-06T19:16:47","slug":"nino-rico-nino-listo","status":"publish","type":"product","link":"https:\/\/tulibreando.com\/index.php\/product\/nino-rico-nino-listo\/","title":{"rendered":"ni\u00f1o rico ni\u00f1o listo"},"content":{"rendered":"<p>Ni\u00f1o rico,\u00a0ni\u00f1o listo\u00a0le mostrar\u00e1 c\u00f3mo despertar en sus peque\u00f1os el amor por el aprendizaje, utilizando los mismos m\u00e9todos que el inteligente\u00a0padre rico\u00a0us\u00f3 para que Kiyosaki continuara con sus estudios a pesar de que ten\u00eda malas calificaciones y pretend\u00eda abandonar la escuela.<\/p>\n","protected":false},"excerpt":{"rendered":"<p>Ni\u00f1o rico,\u00a0ni\u00f1o listo\u00a0le mostrar\u00e1 c\u00f3mo despertar en sus peque\u00f1os el amor por el aprendizaje, utilizando los mismos m\u00e9todos que el inteligente\u00a0padre rico\u00a0us\u00f3 para que Kiyosaki continuara con sus estudios a pesar de que ten\u00eda malas calificaciones y pretend\u00eda abandonar la escuela.<\/p>\n","protected":false},"featured_media":1111,"comment_status":"open","ping_status":"closed","template":"","meta":{"_acf_changed":false,"product_autor":""},"product_cat":[39,36,37],"product_tag":[],"class_list":{"0":"post-1184","1":"product","2":"type-product","3":"status-publish","4":"has-post-thumbnail","6":"product_cat-crecimiento-personal","7":"product_cat-libros","8":"product_cat-negocios","10":"first","11":"instock","12":"virtual","13":"purchasable","14":"product-type-simple"},"acf":[],"_links":{"self":[{"href":"https:\/\/tulibreando.com\/index.php\/wp-json\/wp\/v2\/product\/1184"}],"collection":[{"href":"https:\/\/tulibreando.com\/index.php\/wp-json\/wp\/v2\/product"}],"about":[{"href":"https:\/\/tulibreando.com\/index.php\/wp-json\/wp\/v2\/types\/product"}],"replies":[{"embeddable":true,"href":"https:\/\/tulibreando.com\/index.php\/wp-json\/wp\/v2\/comments?post=1184"}],"wp:featuredmedia":[{"embeddable":true,"href":"https:\/\/tulibreando.com\/index.php\/wp-json\/wp\/v2\/media\/1111"}],"wp:attachment":[{"href":"https:\/\/tulibreando.com\/index.php\/wp-json\/wp\/v2\/media?parent=1184"}],"wp:term":[{"taxonomy":"product_cat","embeddable":true,"href":"https:\/\/tulibreando.com\/index.php\/wp-json\/wp\/v2\/product_cat?post=1184"},{"taxonomy":"product_tag","embeddable":true,"href":"https:\/\/tulibreando.com\/index.php\/wp-json\/wp\/v2\/product_tag?post=1184"}],"curies":[{"name":"wp","href":"https:\/\/api.w.org\/{rel}","templated":true}]}}