{"id":452,"date":"2023-12-13T14:26:01","date_gmt":"2023-12-13T18:26:01","guid":{"rendered":"https:\/\/tulibreando.com\/index.php\/cart\/"},"modified":"2023-12-18T18:49:16","modified_gmt":"2023-12-18T22:49:16","slug":"cart","status":"publish","type":"page","link":"https:\/\/tulibreando.com\/index.php\/cart\/","title":{"rendered":"Cart"},"content":{"rendered":"\t\t<div data-elementor-type=\"wp-page\" data-elementor-id=\"452\" class=\"elementor elementor-452\" data-elementor-post-type=\"page\">\n\t\t\t\t<div class=\"elementor-element elementor-element-5983789b e-flex e-con-boxed e-con e-parent\" data-id=\"5983789b\" data-element_type=\"container\" data-settings=\"{&quot;background_background&quot;:&quot;classic&quot;}\">\n\t\t\t\t\t<div class=\"e-con-inner\">\n\t\t\t\t\t<\/div>\n\t\t\t\t<\/div>\n\t\t\t\t<\/div>\n\t\t","protected":false},"excerpt":{"rendered":"<p>Eliminar art\u00edculo Thumbnail image Producto Precio Cantidad Subtotal &times; Est\u00e1ndar &#36;10,99 Est\u00e1ndar cantidad &#36;10,99 Actualizar Carrito Totales Subtotal &#36;10,99 Total &#36;10,99 Proceder al Checkout<\/p>\n","protected":false},"author":1,"featured_media":0,"parent":0,"menu_order":0,"comment_status":"closed","ping_status":"closed","template":"","meta":{"_acf_changed":false,"footnotes":""},"class_list":["post-452","page","type-page","status-publish","hentry"],"acf":[],"_links":{"self":[{"href":"https:\/\/tulibreando.com\/index.php\/wp-json\/wp\/v2\/pages\/452"}],"collection":[{"href":"https:\/\/tulibreando.com\/index.php\/wp-json\/wp\/v2\/pages"}],"about":[{"href":"https:\/\/tulibreando.com\/index.php\/wp-json\/wp\/v2\/types\/page"}],"author":[{"embeddable":true,"href":"https:\/\/tulibreando.com\/index.php\/wp-json\/wp\/v2\/users\/1"}],"replies":[{"embeddable":true,"href":"https:\/\/tulibreando.com\/index.php\/wp-json\/wp\/v2\/comments?post=452"}],"version-history":[{"count":3,"href":"https:\/\/tulibreando.com\/index.php\/wp-json\/wp\/v2\/pages\/452\/revisions"}],"predecessor-version":[{"id":697,"href":"https:\/\/tulibreando.com\/index.php\/wp-json\/wp\/v2\/pages\/452\/revisions\/697"}],"wp:attachment":[{"href":"https:\/\/tulibreando.com\/index.php\/wp-json\/wp\/v2\/media?parent=452"}],"curies":[{"name":"wp","href":"https:\/\/api.w.org\/{rel}","templated":true}]}}